{"id":464,"date":"2025-09-09T13:48:23","date_gmt":"2025-09-09T10:48:23","guid":{"rendered":"https:\/\/feather.lv\/?page_id=464"},"modified":"2025-12-12T15:03:04","modified_gmt":"2025-12-12T13:03:04","slug":"par-projektu","status":"publish","type":"page","link":"https:\/\/feather.lv\/lv\/par-projektu\/","title":{"rendered":"Par projektu"},"content":{"rendered":"<section id=\"written-content-block_5bf0a1da7d351d41ae4f8fcb225f5206\" class=\"block written-content\">\n    <div class=\"container\">\n        <div class=\"row\">\n            <div class=\"col-12\">\n                <p><i><span style=\"font-weight: 400;\">Baltic Feather Lands<\/span><\/i><span style=\"font-weight: 400;\"> ir pieredze, kas ved pa Latvijas zieme\u013cu piekrastes purviem, p\u013cav\u0101m, mitr\u0101jiem un dabas liegumiem.<\/span><\/p>\n<p><span style=\"font-weight: 400;\">\u0160eit nav steigas. Ir tikai v\u0113j\u0161, \u016bdens un sp\u0101rnu \u010dalo\u0146a virs purviem.<\/span><\/p>\n<p><span style=\"font-weight: 400;\">Ce\u013cojumu vada viet\u0113jie dabas p\u0113tnieki un gidi \u2013 cilv\u0113ki, kas p\u0101rzina katru taci\u0146u, katru dz\u0113rves balsi un v\u0113ja virzienu. Vi\u0146u zin\u0101\u0161anas un miers \u013cauj tev ieraudz\u012bt, k\u0101 \u0161is re\u0123ions elpo vienot\u0101 harmonij\u0101.<\/span><\/p>\n<p><span style=\"font-weight: 400;\"><\/p>\n<p>Baltijas piekraste ir putnu migr\u0101cijas sirds \u2013 miljons sp\u0101rnu, simti balsu, viens ritms. \u0160eit tu vari k\u013c\u016bt par da\u013cu no \u0161\u012bs dabas harmonijas.<\/span><\/p>\n<p><i><span style=\"font-weight: 400;\">Baltic Feather Lands<\/span><\/i><span style=\"font-weight: 400;\"> ir pieredze, kas ved pa Latvijas zieme\u013cu piekrastes purviem, p\u013cav\u0101m, mitr\u0101jiem un dabas liegumiem.<\/span><\/p>\n<p><span style=\"font-weight: 400;\">\u0160eit nav steigas. Ir tikai v\u0113j\u0161, \u016bdens un sp\u0101rnu \u010dalo\u0146a virs purviem.<\/span><\/p>\n<p><span style=\"font-weight: 400;\">Ce\u013cojumu vada viet\u0113jie dabas p\u0113tnieki un gidi \u2013 cilv\u0113ki, kas p\u0101rzina katru taci\u0146u, katru dz\u0113rves balsi un v\u0113ja virzienu. Vi\u0146u zin\u0101\u0161anas un miers \u013cauj tev ieraudz\u012bt, k\u0101 \u0161is re\u0123ions elpo vienot\u0101 harmonij\u0101.<\/span><\/p>\n<p><span style=\"font-weight: 400;\">Piel\u0101gojiet mar\u0161rutu un ritmu savai grupai. T\u0101 var b\u016bt viena diena. T\u0101s var b\u016bt tik daudz dienas, ka j\u016bs dienas aizmirstat skait\u012bt.<\/span><\/p>\n            <\/div>\n        <\/div>\n    <\/div>\n<\/section>\n","protected":false},"excerpt":{"rendered":"","protected":false},"author":2,"featured_media":0,"parent":0,"menu_order":0,"comment_status":"closed","ping_status":"closed","template":"templates\/template-simple-page.php","meta":{"_acf_changed":false,"footnotes":""},"class_list":["post-464","page","type-page","status-publish","hentry"],"acf":[],"yoast_head":"<!-- This site is optimized with the Yoast SEO plugin v25.1 - https:\/\/yoast.com\/wordpress\/plugins\/seo\/ -->\n<title>Par projektu - Baltic Feather Lands<\/title>\n<meta name=\"robots\" content=\"index, follow, max-snippet:-1, max-image-preview:large, max-video-preview:-1\" \/>\n<link rel=\"canonical\" href=\"https:\/\/feather.lv\/lv\/par-projektu\/\" \/>\n<meta property=\"og:locale\" content=\"lv_LV\" \/>\n<meta property=\"og:type\" content=\"article\" \/>\n<meta property=\"og:title\" content=\"Par projektu - Baltic Feather Lands\" \/>\n<meta property=\"og:url\" content=\"https:\/\/feather.lv\/lv\/par-projektu\/\" \/>\n<meta property=\"og:site_name\" content=\"Baltic Feather Lands\" \/>\n<meta property=\"article:modified_time\" content=\"2025-12-12T13:03:04+00:00\" \/>\n<meta name=\"twitter:card\" content=\"summary_large_image\" \/>\n<script type=\"application\/ld+json\" class=\"yoast-schema-graph\">{\"@context\":\"https:\/\/schema.org\",\"@graph\":[{\"@type\":\"WebPage\",\"@id\":\"https:\/\/feather.lv\/lv\/par-projektu\/\",\"url\":\"https:\/\/feather.lv\/lv\/par-projektu\/\",\"name\":\"Par projektu - Baltic Feather Lands\",\"isPartOf\":{\"@id\":\"https:\/\/feather.lv\/#website\"},\"datePublished\":\"2025-09-09T10:48:23+00:00\",\"dateModified\":\"2025-12-12T13:03:04+00:00\",\"breadcrumb\":{\"@id\":\"https:\/\/feather.lv\/lv\/par-projektu\/#breadcrumb\"},\"inLanguage\":\"lv-LV\",\"potentialAction\":[{\"@type\":\"ReadAction\",\"target\":[\"https:\/\/feather.lv\/lv\/par-projektu\/\"]}]},{\"@type\":\"BreadcrumbList\",\"@id\":\"https:\/\/feather.lv\/lv\/par-projektu\/#breadcrumb\",\"itemListElement\":[{\"@type\":\"ListItem\",\"position\":1,\"name\":\"Home\",\"item\":\"https:\/\/feather.lv\/lv\/\"},{\"@type\":\"ListItem\",\"position\":2,\"name\":\"Par projektu\"}]},{\"@type\":\"WebSite\",\"@id\":\"https:\/\/feather.lv\/#website\",\"url\":\"https:\/\/feather.lv\/\",\"name\":\"Baltic Feather Lands\",\"description\":\"\",\"potentialAction\":[{\"@type\":\"SearchAction\",\"target\":{\"@type\":\"EntryPoint\",\"urlTemplate\":\"https:\/\/feather.lv\/?s={search_term_string}\"},\"query-input\":{\"@type\":\"PropertyValueSpecification\",\"valueRequired\":true,\"valueName\":\"search_term_string\"}}],\"inLanguage\":\"lv-LV\"}]}<\/script>\n<!-- \/ Yoast SEO plugin. -->","yoast_head_json":{"title":"Par projektu - Baltic Feather Lands","robots":{"index":"index","follow":"follow","max-snippet":"max-snippet:-1","max-image-preview":"max-image-preview:large","max-video-preview":"max-video-preview:-1"},"canonical":"https:\/\/feather.lv\/lv\/par-projektu\/","og_locale":"lv_LV","og_type":"article","og_title":"Par projektu - Baltic Feather Lands","og_url":"https:\/\/feather.lv\/lv\/par-projektu\/","og_site_name":"Baltic Feather Lands","article_modified_time":"2025-12-12T13:03:04+00:00","twitter_card":"summary_large_image","schema":{"@context":"https:\/\/schema.org","@graph":[{"@type":"WebPage","@id":"https:\/\/feather.lv\/lv\/par-projektu\/","url":"https:\/\/feather.lv\/lv\/par-projektu\/","name":"Par projektu - Baltic Feather Lands","isPartOf":{"@id":"https:\/\/feather.lv\/#website"},"datePublished":"2025-09-09T10:48:23+00:00","dateModified":"2025-12-12T13:03:04+00:00","breadcrumb":{"@id":"https:\/\/feather.lv\/lv\/par-projektu\/#breadcrumb"},"inLanguage":"lv-LV","potentialAction":[{"@type":"ReadAction","target":["https:\/\/feather.lv\/lv\/par-projektu\/"]}]},{"@type":"BreadcrumbList","@id":"https:\/\/feather.lv\/lv\/par-projektu\/#breadcrumb","itemListElement":[{"@type":"ListItem","position":1,"name":"Home","item":"https:\/\/feather.lv\/lv\/"},{"@type":"ListItem","position":2,"name":"Par projektu"}]},{"@type":"WebSite","@id":"https:\/\/feather.lv\/#website","url":"https:\/\/feather.lv\/","name":"Baltic Feather Lands","description":"","potentialAction":[{"@type":"SearchAction","target":{"@type":"EntryPoint","urlTemplate":"https:\/\/feather.lv\/?s={search_term_string}"},"query-input":{"@type":"PropertyValueSpecification","valueRequired":true,"valueName":"search_term_string"}}],"inLanguage":"lv-LV"}]}},"_links":{"self":[{"href":"https:\/\/feather.lv\/lv\/wp-json\/wp\/v2\/pages\/464","targetHints":{"allow":["GET"]}}],"collection":[{"href":"https:\/\/feather.lv\/lv\/wp-json\/wp\/v2\/pages"}],"about":[{"href":"https:\/\/feather.lv\/lv\/wp-json\/wp\/v2\/types\/page"}],"author":[{"embeddable":true,"href":"https:\/\/feather.lv\/lv\/wp-json\/wp\/v2\/users\/2"}],"replies":[{"embeddable":true,"href":"https:\/\/feather.lv\/lv\/wp-json\/wp\/v2\/comments?post=464"}],"version-history":[{"count":7,"href":"https:\/\/feather.lv\/lv\/wp-json\/wp\/v2\/pages\/464\/revisions"}],"predecessor-version":[{"id":928,"href":"https:\/\/feather.lv\/lv\/wp-json\/wp\/v2\/pages\/464\/revisions\/928"}],"wp:attachment":[{"href":"https:\/\/feather.lv\/lv\/wp-json\/wp\/v2\/media?parent=464"}],"curies":[{"name":"wp","href":"https:\/\/api.w.org\/{rel}","templated":true}]}}