{"id":466,"date":"2025-09-09T13:48:39","date_gmt":"2025-09-09T10:48:39","guid":{"rendered":"https:\/\/feather.lv\/?page_id=466"},"modified":"2025-12-07T02:28:08","modified_gmt":"2025-12-07T00:28:08","slug":"kontakti","status":"publish","type":"page","link":"https:\/\/feather.lv\/lv\/kontakti\/","title":{"rendered":"Kontakti"},"content":{"rendered":"<section id=\"contacts-block_e05ff85312fed83deabf6797d08f014d\" class=\"block contacts\">\n\n    <div class=\"container\">\n        <div class=\"row content-row\">\n            <div class=\"col-12 col-md-6 order-md-2 p-0 col-help\">\n                                                        <div class=\"help-section\">\n                                                    <h2 class=\"heading-senary\">Vai esat ce\u013cot\u0101js, kuram nepiecie\u0161ama pal\u012bdz\u012bba? Probl\u0113mas ar apskates objekta\/aktivit\u0101tes rezerv\u0113\u0161anu? <\/h2>\n                                                                            <div class=\"help-phone-wrapper\">\n\n    <div class=\"help-phone-icon\">\n        <a href=\"tel:+371 29176010\"\n           class=\"btn-help-phone\"\n           aria-label=\"Call us at +371 29176010\">\n            <svg width=\"20\" height=\"20\" viewBox=\"0 0 20 20\" fill=\"none\" xmlns=\"http:\/\/www.w3.org\/2000\/svg\">\n    <path d=\"M9.95 16C10.3 16 10.5917 15.8833 10.825 15.65C11.075 15.4 11.2 15.1 11.2 14.75C11.2 14.4 11.075 14.1083 10.825 13.875C10.5917 13.625 10.3 13.5 9.95 13.5C9.6 13.5 9.3 13.625 9.05 13.875C8.81667 14.1083 8.7 14.4 8.7 14.75C8.7 15.1 8.81667 15.4 9.05 15.65C9.3 15.8833 9.6 16 9.95 16ZM10 20C8.61667 20 7.31667 19.7417 6.1 19.225C4.88333 18.6917 3.825 17.975 2.925 17.075C2.025 16.175 1.30833 15.1167 0.775 13.9C0.258333 12.6833 5.96046e-08 11.3833 5.96046e-08 10C5.96046e-08 8.61667 0.258333 7.31667 0.775 6.1C1.30833 4.88333 2.025 3.825 2.925 2.925C3.825 2.025 4.88333 1.31667 6.1 0.799999C7.31667 0.266666 8.61667 -4.76837e-07 10 -4.76837e-07C11.3833 -4.76837e-07 12.6833 0.266666 13.9 0.799999C15.1167 1.31667 16.175 2.025 17.075 2.925C17.975 3.825 18.6833 4.88333 19.2 6.1C19.7333 7.31667 20 8.61667 20 10C20 11.3833 19.7333 12.6833 19.2 13.9C18.6833 15.1167 17.975 16.175 17.075 17.075C16.175 17.975 15.1167 18.6917 13.9 19.225C12.6833 19.7417 11.3833 20 10 20ZM10 18C12.2333 18 14.125 17.225 15.675 15.675C17.225 14.125 18 12.2333 18 10C18 7.76667 17.225 5.875 15.675 4.325C14.125 2.775 12.2333 2 10 2C7.76667 2 5.875 2.775 4.325 4.325C2.775 5.875 2 7.76667 2 10C2 12.2333 2.775 14.125 4.325 15.675C5.875 17.225 7.76667 18 10 18ZM10.1 5.7C10.5167 5.7 10.875 5.83333 11.175 6.1C11.4917 6.36667 11.65 6.7 11.65 7.1C11.65 7.46667 11.5333 7.79167 11.3 8.075C11.0833 8.35833 10.8333 8.625 10.55 8.875C10.1667 9.20833 9.825 9.575 9.525 9.975C9.24167 10.375 9.1 10.825 9.1 11.325C9.1 11.5583 9.18333 11.7583 9.35 11.925C9.53333 12.075 9.74167 12.15 9.975 12.15C10.225 12.15 10.4333 12.0667 10.6 11.9C10.7833 11.7333 10.9 11.525 10.95 11.275C11.0167 10.925 11.1667 10.6167 11.4 10.35C11.6333 10.0667 11.8833 9.8 12.15 9.55C12.5333 9.18333 12.8583 8.78333 13.125 8.35C13.4083 7.91667 13.55 7.43333 13.55 6.9C13.55 6.05 13.2 5.35833 12.5 4.825C11.8167 4.275 11.0167 4 10.1 4C9.46667 4 8.85833 4.13333 8.275 4.4C7.70833 4.66667 7.275 5.075 6.975 5.625C6.85833 5.825 6.81667 6.04167 6.85 6.275C6.9 6.49167 7.01667 6.65833 7.2 6.775C7.43333 6.90833 7.675 6.95 7.925 6.9C8.175 6.85 8.38333 6.70833 8.55 6.475C8.73333 6.225 8.95833 6.03333 9.225 5.9C9.50833 5.76667 9.8 5.7 10.1 5.7Z\" fill=\"white\"\/>\n<\/svg>\n        <\/a>\n    <\/div>\n    <div class=\"help-phone-info\">\n        <p>Vai jums vajadz\u012bga pal\u012bdz\u012bba?<\/p>\n        <a href=\"tel:+371 29176010\" class=\"help-phone\">\n            +371 29176010        <\/a>\n    <\/div>\n<\/div>\n                                            <\/div>\n                \n            <\/div>\n            <div class=\"col-12 col-md-6 order-md-1 p-0 col-text\">\n                                    <div class=\"contact-options\">\n                                                    <div class=\"contact-option\">\n                                <div class=\"group\">\n                                                                            <div class=\"option-title\">T\u0101lrunis sazi\u0146ai:<\/div>\n                                                                        <div class=\"content\">\n                                                                                    <a href=\"tel:37129176010\">+371 29176010<\/a>\n                                                                            <\/div>\n                                <\/div>\n                            <\/div>\n                                                    <div class=\"contact-option\">\n                                <div class=\"group\">\n                                                                            <div class=\"option-title\">Epasts sazi\u0146ai:<\/div>\n                                                                        <div class=\"content\">\n                                                                                    <a href=\"mailto:lrtourismprojects@gmail.com\">lrtourismprojects@gmail.com<\/a>\n                                                                            <\/div>\n                                <\/div>\n                            <\/div>\n                                                    <div class=\"contact-option\">\n                                <div class=\"group\">\n                                                                            <div class=\"option-title\">Juridisk\u0101 adrese:<\/div>\n                                                                        <div class=\"content\">\n                                                                                    <p>Meijas, Tome, Tomes pagasts, Ogres novads, Latvija LV 5020<\/p>\n                                                                            <\/div>\n                                <\/div>\n                            <\/div>\n                                                    <div class=\"contact-option\">\n                                <div class=\"group\">\n                                                                            <div class=\"option-title\">Bankas rekviz\u012bti:<\/div>\n                                                                        <div class=\"content\">\n                                                                                    <p>Citadele<br \/>\nLV50PARX0032928120001<\/p>\n                                                                            <\/div>\n                                <\/div>\n                            <\/div>\n                                                    <div class=\"contact-option\">\n                                <div class=\"group\">\n                                                                        <div class=\"content\">\n                                                                                    <p><em>M\u0113s ar prieku atbild\u0113sim uz jaut\u0101jumiem, pal\u012bdz\u0113sim rezerv\u0113t ekskursiju vai izveidosim individu\u0101lu ce\u013cojumu j\u016bsu grupai.<\/em><br \/>\n<em>L\u016bdzu, izmantojiet jums \u0113rt\u0101ko sazi\u0146as veidu. L\u016bdzu, sav\u0101 zi\u0146ojum\u0101 nor\u0101diet v\u0113lamo datumu(-us), cilv\u0113ku skaitu un jebk\u0101das \u012bpa\u0161as pras\u012bbas.<\/em><\/p>\n                                                                            <\/div>\n                                <\/div>\n                            <\/div>\n                                            <\/div>\n                            <\/div>\n        <\/div>\n    <\/div>\n\n<\/section>\n","protected":false},"excerpt":{"rendered":"","protected":false},"author":2,"featured_media":0,"parent":0,"menu_order":0,"comment_status":"closed","ping_status":"closed","template":"templates\/template-contacts-page.php","meta":{"_acf_changed":false,"footnotes":""},"class_list":["post-466","page","type-page","status-publish","hentry"],"acf":[],"yoast_head":"<!-- This site is optimized with the Yoast SEO plugin v25.1 - https:\/\/yoast.com\/wordpress\/plugins\/seo\/ -->\n<title>Kontakti - Baltic Feather Lands<\/title>\n<meta name=\"robots\" content=\"index, follow, max-snippet:-1, max-image-preview:large, max-video-preview:-1\" \/>\n<link rel=\"canonical\" href=\"https:\/\/feather.lv\/lv\/kontakti\/\" \/>\n<meta property=\"og:locale\" content=\"lv_LV\" \/>\n<meta property=\"og:type\" content=\"article\" \/>\n<meta property=\"og:title\" content=\"Kontakti - Baltic Feather Lands\" \/>\n<meta property=\"og:url\" content=\"https:\/\/feather.lv\/lv\/kontakti\/\" \/>\n<meta property=\"og:site_name\" content=\"Baltic Feather Lands\" \/>\n<meta property=\"article:modified_time\" content=\"2025-12-07T00:28:08+00:00\" \/>\n<meta name=\"twitter:card\" content=\"summary_large_image\" \/>\n<script type=\"application\/ld+json\" class=\"yoast-schema-graph\">{\"@context\":\"https:\/\/schema.org\",\"@graph\":[{\"@type\":\"WebPage\",\"@id\":\"https:\/\/feather.lv\/lv\/kontakti\/\",\"url\":\"https:\/\/feather.lv\/lv\/kontakti\/\",\"name\":\"Kontakti - Baltic Feather Lands\",\"isPartOf\":{\"@id\":\"https:\/\/feather.lv\/#website\"},\"datePublished\":\"2025-09-09T10:48:39+00:00\",\"dateModified\":\"2025-12-07T00:28:08+00:00\",\"breadcrumb\":{\"@id\":\"https:\/\/feather.lv\/lv\/kontakti\/#breadcrumb\"},\"inLanguage\":\"lv-LV\",\"potentialAction\":[{\"@type\":\"ReadAction\",\"target\":[\"https:\/\/feather.lv\/lv\/kontakti\/\"]}]},{\"@type\":\"BreadcrumbList\",\"@id\":\"https:\/\/feather.lv\/lv\/kontakti\/#breadcrumb\",\"itemListElement\":[{\"@type\":\"ListItem\",\"position\":1,\"name\":\"Home\",\"item\":\"https:\/\/feather.lv\/lv\/\"},{\"@type\":\"ListItem\",\"position\":2,\"name\":\"Kontakti\"}]},{\"@type\":\"WebSite\",\"@id\":\"https:\/\/feather.lv\/#website\",\"url\":\"https:\/\/feather.lv\/\",\"name\":\"Baltic Feather Lands\",\"description\":\"\",\"potentialAction\":[{\"@type\":\"SearchAction\",\"target\":{\"@type\":\"EntryPoint\",\"urlTemplate\":\"https:\/\/feather.lv\/?s={search_term_string}\"},\"query-input\":{\"@type\":\"PropertyValueSpecification\",\"valueRequired\":true,\"valueName\":\"search_term_string\"}}],\"inLanguage\":\"lv-LV\"}]}<\/script>\n<!-- \/ Yoast SEO plugin. -->","yoast_head_json":{"title":"Kontakti - Baltic Feather Lands","robots":{"index":"index","follow":"follow","max-snippet":"max-snippet:-1","max-image-preview":"max-image-preview:large","max-video-preview":"max-video-preview:-1"},"canonical":"https:\/\/feather.lv\/lv\/kontakti\/","og_locale":"lv_LV","og_type":"article","og_title":"Kontakti - Baltic Feather Lands","og_url":"https:\/\/feather.lv\/lv\/kontakti\/","og_site_name":"Baltic Feather Lands","article_modified_time":"2025-12-07T00:28:08+00:00","twitter_card":"summary_large_image","schema":{"@context":"https:\/\/schema.org","@graph":[{"@type":"WebPage","@id":"https:\/\/feather.lv\/lv\/kontakti\/","url":"https:\/\/feather.lv\/lv\/kontakti\/","name":"Kontakti - Baltic Feather Lands","isPartOf":{"@id":"https:\/\/feather.lv\/#website"},"datePublished":"2025-09-09T10:48:39+00:00","dateModified":"2025-12-07T00:28:08+00:00","breadcrumb":{"@id":"https:\/\/feather.lv\/lv\/kontakti\/#breadcrumb"},"inLanguage":"lv-LV","potentialAction":[{"@type":"ReadAction","target":["https:\/\/feather.lv\/lv\/kontakti\/"]}]},{"@type":"BreadcrumbList","@id":"https:\/\/feather.lv\/lv\/kontakti\/#breadcrumb","itemListElement":[{"@type":"ListItem","position":1,"name":"Home","item":"https:\/\/feather.lv\/lv\/"},{"@type":"ListItem","position":2,"name":"Kontakti"}]},{"@type":"WebSite","@id":"https:\/\/feather.lv\/#website","url":"https:\/\/feather.lv\/","name":"Baltic Feather Lands","description":"","potentialAction":[{"@type":"SearchAction","target":{"@type":"EntryPoint","urlTemplate":"https:\/\/feather.lv\/?s={search_term_string}"},"query-input":{"@type":"PropertyValueSpecification","valueRequired":true,"valueName":"search_term_string"}}],"inLanguage":"lv-LV"}]}},"_links":{"self":[{"href":"https:\/\/feather.lv\/lv\/wp-json\/wp\/v2\/pages\/466","targetHints":{"allow":["GET"]}}],"collection":[{"href":"https:\/\/feather.lv\/lv\/wp-json\/wp\/v2\/pages"}],"about":[{"href":"https:\/\/feather.lv\/lv\/wp-json\/wp\/v2\/types\/page"}],"author":[{"embeddable":true,"href":"https:\/\/feather.lv\/lv\/wp-json\/wp\/v2\/users\/2"}],"replies":[{"embeddable":true,"href":"https:\/\/feather.lv\/lv\/wp-json\/wp\/v2\/comments?post=466"}],"version-history":[{"count":7,"href":"https:\/\/feather.lv\/lv\/wp-json\/wp\/v2\/pages\/466\/revisions"}],"predecessor-version":[{"id":1166,"href":"https:\/\/feather.lv\/lv\/wp-json\/wp\/v2\/pages\/466\/revisions\/1166"}],"wp:attachment":[{"href":"https:\/\/feather.lv\/lv\/wp-json\/wp\/v2\/media?parent=466"}],"curies":[{"name":"wp","href":"https:\/\/api.w.org\/{rel}","templated":true}]}}